{"id":105,"date":"2025-06-12T16:30:10","date_gmt":"2025-06-12T16:30:10","guid":{"rendered":"https:\/\/eszakpest.reformatus.hu\/?page_id=105"},"modified":"2025-06-12T16:32:18","modified_gmt":"2025-06-12T16:32:18","slug":"rolunk","status":"publish","type":"page","link":"https:\/\/eszakpest.reformatus.hu\/index.php\/rolunk\/","title":{"rendered":"R\u00f3lunk"},"content":{"rendered":"<p>[et_pb_section fb_built=&#8221;1&#8243; theme_builder_area=&#8221;post_content&#8221; _builder_version=&#8221;4.27.4&#8243; _module_preset=&#8221;default&#8221; use_background_color_gradient=&#8221;off&#8221; hover_enabled=&#8221;0&#8243; sticky_enabled=&#8221;0&#8243;][et_pb_row _builder_version=&#8221;4.27.4&#8243; _module_preset=&#8221;default&#8221; theme_builder_area=&#8221;post_content&#8221;][et_pb_column _builder_version=&#8221;4.27.4&#8243; _module_preset=&#8221;default&#8221; type=&#8221;4_4&#8243; theme_builder_area=&#8221;post_content&#8221;][et_pb_text _builder_version=&#8221;4.27.4&#8243; _module_preset=&#8221;default&#8221; theme_builder_area=&#8221;post_content&#8221; hover_enabled=&#8221;0&#8243; sticky_enabled=&#8221;0&#8243;]<span>Bemutatkoz\u00e1s<\/span><\/p>\n<p><span>Az 1952. \u00e9vi Egyetemes Konvent \u00e1trendezte az egyh\u00e1zker\u00fcletek \u00e9s az egyh\u00e1zmegy\u00e9k hat\u00e1rait. Ekkor j\u00f6tt l\u00e9tre az \u00c9szakpesti Reform\u00e1tus Egyh\u00e1zmegye, amelyet z\u00f6mmel a kor\u00e1bbi Pesti Egyh\u00e1zmegy\u00e9nek a f\u0151v\u00e1rost\u00f3l \u00e9szakra fekv\u0151 44 gy\u00fclekezete alkotta.<\/span><\/p>\n<p><span>\u00a0<\/span><span>Az egyh\u00e1zmegye els\u0151 esperese Deme L\u00e1szl\u00f3 p\u00e9celi lelkip\u00e1sztor lett, aki 1959-ig t\u00f6lt\u00f6tte be tiszt\u00e9t. \u0150t I. Madar\u00e1sz Lajos f\u00f3ti lelkip\u00e1sztor k\u00f6vette (1959-1976), majd F\u00f3nagy Zolt\u00e1n tahit\u00f3tfalusi lelkip\u00e1sztor (1976-1984), Berz\u00e9tei L\u00e1szl\u00f3 gy\u00f6ngy\u00f6si lelkip\u00e1sztor (1984-1990), F\u00f3nagy Mikl\u00f3s kosdi- \u00e9s v\u00e1c-fels\u0151v\u00e1rosi lelkip\u00e1sztor (1990-2008), S\u00edpos Bulcsu Kadosa (2009-2014) szadai lelkip\u00e1sztor \u00e1llt az egyh\u00e1zmegye \u00e9l\u00e9n. <\/span><\/p>\n<p><span>Egyh\u00e1zmegyei (f\u0151)gondnokok voltak: dr. M\u00e9sz\u00e1ros Istv\u00e1n, g\u00f6d\u00f6ll\u0151i f\u0151\u00e1llatorvos (1952-1990), B\u00faz\u00e1s J\u00e1nos f\u00f3ti iparosmester (1990-2002), Cs\u00e1kai Gyula g\u00f6d\u00f6ll\u0151i m\u00e9rn\u00f6k (2002-2008), Margit Istv\u00e1n p\u00e9celi testv\u00e9r\u00fcnk (2009-2014).<\/span><\/p>\n<p><span>Ma 54 egyh\u00e1zk\u00f6zs\u00e9g (a:39; t:7; m:8; l:1) \u00e9s t\u00f6bb mint 100 sz\u00f3rv\u00e1ny telep\u00fcl\u00e9s tartozik hozz\u00e1nk. Ezekben 56 megv\u00e1lasztott gy\u00fclekezeti lelkip\u00e1sztor, kb. 30 beosztott lelkip\u00e1sztor \u00e9s 13 int\u00e9zm\u00e9nyi lelkip\u00e1sztor szolg\u00e1l. A gy\u00fclekezetvezet\u0151 lelkip\u00e1sztorok 641 (el\u0151z\u0151 ciklusban: 652) presbiterrel egy\u00fctt szolg\u00e1lnak az egyh\u00e1zk\u00f6zs\u00e9gekben. (A legfiatalabb gy\u00fclekezet Asz\u00f3don (2022) van, a legr\u00e9gebbiek t\u00f6bb, mint 400 \u00e9vesek.<\/span><\/p>\n<p><span>A legkisebb k\u00f6z\u00f6ss\u00e9gek T\u00f6k\u00f6n, Kerepesen, Dunabogd\u00e1nyban \u00e9s Mogyor\u00f3don; a megye legnagyobb gy\u00fclekezetei Szentendr\u00e9n, G\u00f6d\u00f6ll\u0151n, F\u00f3t-K\u00f6zpontban, P\u00e1tyon \u00e9s Bi\u00e1n tal\u00e1lhat\u00f3k.<\/span><\/p>\n<p><span>Az egyh\u00e1zmegye ter\u00fclet\u00e9n 3 k\u00f6z\u00e9piskola, 4 \u00e1ltal\u00e1nos iskola, 11 \u00f3voda, 1 b\u00f6lcs\u0151de, valamint 2 \u2013zsinati fenntart\u00e1s\u00fa\u2013 szeretetint\u00e9zm\u00e9ny \u00e9s 2024 m\u00e1rcius\u00e1t\u00f3l egy k\u00f3rh\u00e1z (T\u00f6r\u00f6kb\u00e1linti Reform\u00e1tus Pulmonol\u00f3giai Centrum) m\u0171k\u00f6dik.<\/span><\/p>\n<p><span>A k\u00f6z\u00e9piskol\u00e1k orsz\u00e1gos 100-as list\u00e1j\u00e1n csak 3 reform\u00e1tus k\u00f6z\u00e9piskola szerepel, melyb\u0151l 2 (a g\u00f6d\u00f6ll\u0151i \u00e9s a szentendrei) \u00e9szakpest ter\u00fclet\u00e9n tal\u00e1lhat\u00f3. B\u00fcszk\u00e9k vagyunk \u00e9s Istent\u0151l kapott aj\u00e1nd\u00e9kk\u00e9nt tekint\u00fcnk a \u201eBern\u00e1thra\u201d, egyh\u00e1zmegyei fenntart\u00e1s\u00fa v\u00e1ci k\u00f6z\u00e9p-iskol\u00e1nkra. Int\u00e9zm\u00e9ny\u00fcnk j\u00f3 h\u00edrn\u00e9vnek \u00f6rvend a kereskedelmi \u00e9s vend\u00e9gl\u00e1t\u00f3ipari oktat\u00e1sban.<\/span><\/p>\n<p><span>A gyarapod\u00e1s \u00e9s a fogy\u00e1s egyar\u00e1nt jellemz\u0151 egyh\u00e1zmegy\u00e9nkre. Budapesthez val\u00f3 k\u00f6zels\u00e9ge miatt sok \u00faj gy\u00fclekezet alakult a rendszerv\u00e1lt\u00e1s \u00f3ta; 14 templom \u00e9p\u00fclt ebben az id\u0151szakban. (2023 \u00e1prilis\u00e1ban Urunknak adunk h\u00e1l\u00e1t, hogy felszentelhett\u00fck az \u00faj kerepesi templomot is; tervez\u00e9s alatt az asz\u00f3di templom.) <\/span><\/p>\n<ol start=\"2024\">\n<li><span> szeptember 15-\u00e9n indult a t\u00e1rnoki gy\u00fclekezetpl\u00e1nt\u00e1l\u00e1s; a k\u00f6zelj\u00f6v\u0151ben gy\u00fclekezetpl\u00e1nt\u00e1l\u00e1st tervez\u00fcnk \u00c9rd \u00fagynevezett \u201efenyvesi\u201d r\u00e9sz\u00e9n.<\/span><\/li>\n<\/ol>\n<p><span>Ek\u00f6zben a felvid\u00e9ki hat\u00e1r menti kisebb, hagyom\u00e1nyosan reform\u00e1tus telep\u00fcl\u00e9seken a reform\u00e1tuss\u00e1g a megmarad\u00e1s\u00e1\u00e9rt harcol.<\/span><\/p>\n<p><span>Budapest k\u00f6zel\u00e9ben egym\u00e1st \u00e9rik gy\u00fclekezeteink, \u00e1m az egyh\u00e1zmegy\u00e9nkben hatalmas sz\u00f3rv\u00e1ny ter\u00fcletek is tal\u00e1lhat\u00f3k Balassagyarmat, Salg\u00f3tarj\u00e1n, Hatvan, H\u00e9v\u00edzgy\u00f6rk \u00e9s Gy\u00f6ngy\u00f6s k\u00f6zel\u00e9ben. <\/span><\/p>\n<p><span>B\u00e1r a nagy t\u00e1vols\u00e1gok miatt nem k\u00f6nny\u0171 egyh\u00e1zmegyei tal\u00e1lkoz\u00f3kat szervezni, m\u00e9gis \u00e9vente rendszeresen vannak presbiteri-, f\u0151gondnoki-, k\u00f3rus-, hitoktat\u00f3i, konfirmandus-, ifj\u00fas\u00e1gi tal\u00e1lkoz\u00f3k \u00e9s egyh\u00e1zmegyei ifj\u00fas\u00e1gi t\u00e1bor.<\/span><\/p>\n<p><span>A lelkip\u00e1sztorok sz\u00e1m\u00e1ra a h\u00e9tf\u0151 nap hitoktat\u00e1s n\u00e9lk\u00fcli munkanap. \u00c9rtekezleteinket ez\u00e9rt legt\u00f6bbsz\u00f6r h\u00e9tf\u0151n tartjuk. Akkredit\u00e1lt lelkip\u00e1sztori tanulm\u00e1nyi napjainkat novemberben tartjuk M\u00e1trah\u00e1z\u00e1n.<\/span><\/p>\n<p><span>A presbiteri tov\u00e1bbk\u00e9pz\u00e9seket jelenleg hat kisk\u00f6rben szervezz\u00fck.<\/span><\/p>\n<p><span>Oktat\u00e1s, hitoktat\u00e1s<\/span><\/p>\n<p><span>K\u00f6z\u00e9piskol\u00e1k: G\u00f6d\u00f6ll\u0151n, Szentendr\u00e9n \u00e9s egyh\u00e1zmegy\u00e9nk fenntart\u00e1s\u00e1ban.<\/span><\/p>\n<p><span>\u00c1ltal\u00e1nos iskol\u00e1k: Bi\u00e1n, Sz\u00e1zhalombatt\u00e1n, Veresegyh\u00e1zon \u00e9s Ver\u0151c\u00e9n.<\/span><\/p>\n<p><span>\u00d3vod\u00e1k: Bi\u00e1n, Erd\u0151kertesen, \u00c9rdligeten, F\u00f3t-k\u00f6zpontban, G\u00f6d\u00f6ll\u0151n, P\u00e9celen, Szentendr\u00e9n, Tinny\u00e9n, T\u00f6k\u00f6n, Zs\u00e1mb\u00e9kon \u00e9s Ver\u0151c\u00e9n.<\/span><\/p>\n<p><span>B\u00f6lcs\u0151de: Ver\u0151c\u00e9n.<\/span><\/p>\n<p><span>Egyh\u00e1zmegy\u00e9nk saj\u00e1t bev\u00e9tele<\/span><\/p>\n<p><span>K\u00f6zgy\u0171l\u00e9s\u00fcnk 2015-ben elfogadta, hogy a kebelbeli gy\u00fclekezetek az egyh\u00e1zmegye k\u00f6z\u00f6s k\u00f6lts\u00e9geire az egyh\u00e1zfenntart\u00e1s (I.), a persely bev\u00e9telek (II.) \u00e9s az Isten dics\u0151s\u00e9g\u00e9re (III.1) \u00e9rkez\u0151 el\u0151z\u0151 \u00e9vi bev\u00e9telik ut\u00e1n 7,5% j\u00e1rul\u00e9kot fizetnek be az egyh\u00e1zmegye p\u00e9nzt\u00e1r\u00e1ba. <\/span><\/p>\n<p><span>\u00cdgy 2024-ben a k\u00f6zalap \u00e9s egy\u00e9b k\u00f6telezetts\u00e9gek befizet\u00e9se ut\u00e1n a szabadon felhaszn\u00e1lhat\u00f3 saj\u00e1t forr\u00e1s 38,5 M forint lesz. Melyet az al\u00e1bbiak szerint haszn\u00e1lunk fel.<\/span><\/p>\n<p><span>\u00c9rdektelens\u00e9g miatt 2022-ben megsz\u0171nt az egyh\u00e1zmegyei LSZA.<\/span><\/p>\n<p><span>A h\u00fasv\u00e9tot k\u00f6vet\u0151 m\u00e1sodik vas\u00e1rnapunk szolidarit\u00e1si perselyp\u00e9nz\u00e9vel (GY\u00dcSZA) \u00e9vente h\u00e1rom gy\u00fclekezetet seg\u00edt\u00fcnk.<\/span>[\/et_pb_text][\/et_pb_column][\/et_pb_row][\/et_pb_section]<\/p>\n","protected":false},"excerpt":{"rendered":"<p>Bemutatkoz\u00e1s Az 1952. \u00e9vi Egyetemes Konvent \u00e1trendezte az egyh\u00e1zker\u00fcletek \u00e9s az egyh\u00e1zmegy\u00e9k hat\u00e1rait. Ekkor j\u00f6tt l\u00e9tre az \u00c9szakpesti Reform\u00e1tus Egyh\u00e1zmegye, amelyet z\u00f6mmel a kor\u00e1bbi Pesti Egyh\u00e1zmegy\u00e9nek a f\u0151v\u00e1rost\u00f3l \u00e9szakra fekv\u0151 44 gy\u00fclekezete alkotta. \u00a0Az egyh\u00e1zmegye els\u0151 esperese Deme L\u00e1szl\u00f3 p\u00e9celi lelkip\u00e1sztor lett, aki 1959-ig t\u00f6lt\u00f6tte be tiszt\u00e9t. \u0150t I. Madar\u00e1sz Lajos f\u00f3ti lelkip\u00e1sztor k\u00f6vette (1959-1976), [&hellip;]<\/p>\n","protected":false},"author":1,"featured_media":0,"parent":0,"menu_order":0,"comment_status":"closed","ping_status":"closed","template":"","meta":{"_et_pb_use_builder":"on","_et_pb_old_content":"","_et_gb_content_width":"","footnotes":""},"class_list":["post-105","page","type-page","status-publish","hentry"],"_links":{"self":[{"href":"https:\/\/eszakpest.reformatus.hu\/index.php\/wp-json\/wp\/v2\/pages\/105","targetHints":{"allow":["GET"]}}],"collection":[{"href":"https:\/\/eszakpest.reformatus.hu\/index.php\/wp-json\/wp\/v2\/pages"}],"about":[{"href":"https:\/\/eszakpest.reformatus.hu\/index.php\/wp-json\/wp\/v2\/types\/page"}],"author":[{"embeddable":true,"href":"https:\/\/eszakpest.reformatus.hu\/index.php\/wp-json\/wp\/v2\/users\/1"}],"replies":[{"embeddable":true,"href":"https:\/\/eszakpest.reformatus.hu\/index.php\/wp-json\/wp\/v2\/comments?post=105"}],"version-history":[{"count":6,"href":"https:\/\/eszakpest.reformatus.hu\/index.php\/wp-json\/wp\/v2\/pages\/105\/revisions"}],"predecessor-version":[{"id":123,"href":"https:\/\/eszakpest.reformatus.hu\/index.php\/wp-json\/wp\/v2\/pages\/105\/revisions\/123"}],"wp:attachment":[{"href":"https:\/\/eszakpest.reformatus.hu\/index.php\/wp-json\/wp\/v2\/media?parent=105"}],"curies":[{"name":"wp","href":"https:\/\/api.w.org\/{rel}","templated":true}]}}