{"id":42,"date":"2025-06-12T17:10:55","date_gmt":"2025-06-12T17:10:55","guid":{"rendered":"https:\/\/eszakpest.reformatus.hu\/?page_id=42"},"modified":"2025-06-12T17:11:11","modified_gmt":"2025-06-12T17:11:11","slug":"gyulekezeteink","status":"publish","type":"page","link":"https:\/\/eszakpest.reformatus.hu\/index.php\/gyulekezeteink\/","title":{"rendered":"Gy\u00fclekezeteink"},"content":{"rendered":"<p>[et_pb_section fb_built=&#8221;1&#8243; theme_builder_area=&#8221;post_content&#8221; _builder_version=&#8221;4.27.4&#8243; _module_preset=&#8221;default&#8221; use_background_color_gradient=&#8221;off&#8221; hover_enabled=&#8221;0&#8243; sticky_enabled=&#8221;0&#8243;][et_pb_row _builder_version=&#8221;4.27.4&#8243; _module_preset=&#8221;default&#8221; theme_builder_area=&#8221;post_content&#8221;][et_pb_column _builder_version=&#8221;4.27.4&#8243; _module_preset=&#8221;default&#8221; type=&#8221;4_4&#8243; theme_builder_area=&#8221;post_content&#8221;][et_pb_text _builder_version=&#8221;4.27.4&#8243; _module_preset=&#8221;default&#8221; theme_builder_area=&#8221;post_content&#8221; hover_enabled=&#8221;0&#8243; sticky_enabled=&#8221;0&#8243;]<\/p>\n<h1>Gy\u00fclekezeteink:<\/h1>\n<div>Asz\u00f3di Reform\u00e1tus Misszi\u00f3i Egyh\u00e1zk\u00f6zs\u00e9g<\/div>\n<div>Balassagyarmati Reform\u00e1tus Egyh\u00e1zk\u00f6zs\u00e9g<\/div>\n<div>Biai Reform\u00e1tus Egyh\u00e1zk\u00f6zs\u00e9g<\/div>\n<div>Budakal\u00e1szi Reform\u00e1tus Egyh\u00e1zk\u00f6zs\u00e9g<\/div>\n<div>Budakeszi Reform\u00e1tus Egyh\u00e1zk\u00f6zs\u00e9g<\/div>\n<div>Buda\u00f6rsi Reform\u00e1tus Egyh\u00e1zk\u00f6zs\u00e9g<\/div>\n<div>Cs\u00f6m\u00f6ri Reform\u00e1tus Egyh\u00e1zk\u00f6zs\u00e9g<\/div>\n<div>Di\u00f3sdi Reform\u00e1tus Egyh\u00e1zk\u00f6zs\u00e9g<\/div>\n<div>Di\u00f3sjen\u0151i Reform\u00e1tus Egyh\u00e1zk\u00f6zs\u00e9g<\/div>\n<div>Dunabogd\u00e1nyi Reform\u00e1tus Egyh\u00e1zk\u00f6zs\u00e9g<\/div>\n<div>Dunakeszi Reform\u00e1tus Egyh\u00e1zk\u00f6zs\u00e9g<\/div>\n<div>\u00c9rdi Reform\u00e1tus Egyh\u00e1zk\u00f6zs\u00e9g<\/div>\n<div>\u00c9rd-Parkv\u00e1rosi Reform\u00e1tus Egyh\u00e1zk\u00f6zs\u00e9g<\/div>\n<div>\u00c9rdligeti Reform\u00e1tus Egyh\u00e1zk\u00f6zs\u00e9g<\/div>\n<div>Erd\u0151kertesi Reform\u00e1tus Egyh\u00e1zk\u00f6zs\u00e9g<\/div>\n<div>Fels\u0151g\u00f6d-Als\u00f3g\u00f6d-Sz\u0151dligeti Reform\u00e1tus T\u00e1rsegyh\u00e1zk\u00f6zs\u00e9g<\/div>\n<div>F\u00f3t-Kisalagi-Mogyor\u00f3di Reform\u00e1tus T\u00e1rsegyh\u00e1zk\u00f6zs\u00e9g<\/div>\n<div>F\u00f3t -K\u00f6zponti Reform\u00e1tus Egyh\u00e1zk\u00f6zs\u00e9g<\/div>\n<div>G\u00f6d\u00f6ll\u0151i Reform\u00e1tus Egyh\u00e1zk\u00f6zs\u00e9g<\/div>\n<div>Gy\u00f6ngy\u00f6si Reform\u00e1tus Egyh\u00e1zk\u00f6zs\u00e9g<\/div>\n<div>Hatvani Reform\u00e1tus Egyh\u00e1zk\u00f6zs\u00e9g<\/div>\n<div>H\u00e9v\u00edzgy\u00f6rki Reform\u00e1tus Egyh\u00e1zk\u00f6zs\u00e9g<\/div>\n<div>Isaszegi Reform\u00e1tus Egyh\u00e1zk\u00f6zs\u00e9g<\/div>\n<div>Kerepesi Reform\u00e1tus Misszi\u00f3i Egyh\u00e1zk\u00f6zs\u00e9g<\/div>\n<div>Kisoroszi Reform\u00e1tus Misszi\u00f3i Egyh\u00e1zk\u00f6zs\u00e9g<\/div>\n<div>Kistarcsai Reform\u00e1tus Egyh\u00e1zk\u00f6zs\u00e9g<\/div>\n<div>Kosdi Reform\u00e1tus Egyh\u00e1zk\u00f6zs\u00e9g<\/div>\n<div>Nagymarosi Reform\u00e1tus Egyh\u00e1zk\u00f6zs\u00e9g<\/div>\n<div>\u0150rszentmikl\u00f3si Reform\u00e1tus Egyh\u00e1zk\u00f6zs\u00e9g<\/div>\n<div>P\u00e1tyi Reform\u00e1tus Egyh\u00e1zk\u00f6zs\u00e9g<\/div>\n<div>P\u00e9celi Reform\u00e1tus Egyh\u00e1zk\u00f6zs\u00e9g<\/div>\n<div>Per\u0151cs\u00e9ny-V\u00e1mosmikolai Reform\u00e1tus T\u00e1rsegyh\u00e1zk\u00f6zs\u00e9g<\/div>\n<div>Tinnye-Piliscsabai Reform\u00e1tus T\u00e1rsegyh\u00e1zk\u00f6zs\u00e9g<\/div>\n<div>Pilisv\u00f6r\u00f6sv\u00e1ri Reform\u00e1tus Egyh\u00e1zk\u00f6zs\u00e9g<\/div>\n<div>P\u00f3csmegyer-Le\u00e1nyfalui Reform\u00e1tus T\u00e1rsegyh\u00e1zk\u00f6zs\u00e9g<\/div>\n<div>Pom\u00e1z-Csob\u00e1nkai Reform\u00e1tus T\u00e1rsegyh\u00e1zk\u00f6zs\u00e9g<\/div>\n<div>Salg\u00f3tarj\u00e1ni Reform\u00e1tus Egyh\u00e1zk\u00f6zs\u00e9g<\/div>\n<div>Solym\u00e1ri Reform\u00e1tus Egyh\u00e1zk\u00f6zs\u00e9g<\/div>\n<div>Szadai Reform\u00e1tus Egyh\u00e1zk\u00f6zs\u00e9g<\/div>\n<div>Sz\u00e1zhalombattai Reform\u00e1tus Egyh\u00e1zk\u00f6zs\u00e9g<\/div>\n<div>Szentendrei Reform\u00e1tus Egyh\u00e1zk\u00f6zs\u00e9g<\/div>\n<div>Szigetmonostori Reform\u00e1tus Egyh\u00e1zk\u00f6zs\u00e9g<\/div>\n<div>Szokolyai Reform\u00e1tus Egyh\u00e1zk\u00f6zs\u00e9g<\/div>\n<div>Tahit\u00f3tfalui Reform\u00e1tus Egyh\u00e1zk\u00f6zs\u00e9g<\/div>\n<div>Torb\u00e1gyi Reform\u00e1tus Egyh\u00e1zk\u00f6zs\u00e9g<\/div>\n<div>T\u00f6ki Reform\u00e1tus Misszi\u00f3i Egyh\u00e1zk\u00f6zs\u00e9g<\/div>\n<div>T\u00f6r\u00f6kb\u00e1linti Reform\u00e1tus Egyh\u00e1zk\u00f6zs\u00e9g<\/div>\n<div>\u00dcr\u00f6m-Pilisborosjen\u0151i Reform\u00e1tus T\u00e1rsegyh\u00e1zk\u00f6zs\u00e9g<\/div>\n<div>V\u00e1c &#8211; Als\u00f3v\u00e1rosi Reform\u00e1tus Egyh\u00e1zk\u00f6zs\u00e9g<\/div>\n<div>V\u00e1c-Fels\u0151v\u00e1rosi Reform\u00e1tus Egyh\u00e1zk\u00f6zs\u00e9g<\/div>\n<div>V\u00e1charty\u00e1ni Reform\u00e1tus Misszi\u00f3i Egyh\u00e1zk\u00f6zs\u00e9g<\/div>\n<div>Veresegyh\u00e1zi Reform\u00e1tus Egyh\u00e1zk\u00f6zs\u00e9g<\/div>\n<div>Ver\u0151cei Reform\u00e1tus Egyh\u00e1zk\u00f6zs\u00e9g<\/div>\n<div>Zs\u00e1mb\u00e9ki Reform\u00e1tus Egyh\u00e1zk\u00f6zs\u00e9g<\/div>\n<div>\u00a0<\/div>\n<p>[\/et_pb_text][\/et_pb_column][\/et_pb_row][\/et_pb_section]<\/p>\n","protected":false},"excerpt":{"rendered":"<p>Gy\u00fclekezeteink: Asz\u00f3di Reform\u00e1tus Misszi\u00f3i Egyh\u00e1zk\u00f6zs\u00e9g Balassagyarmati Reform\u00e1tus Egyh\u00e1zk\u00f6zs\u00e9g Biai Reform\u00e1tus Egyh\u00e1zk\u00f6zs\u00e9g Budakal\u00e1szi Reform\u00e1tus Egyh\u00e1zk\u00f6zs\u00e9g Budakeszi Reform\u00e1tus Egyh\u00e1zk\u00f6zs\u00e9g Buda\u00f6rsi Reform\u00e1tus Egyh\u00e1zk\u00f6zs\u00e9g Cs\u00f6m\u00f6ri Reform\u00e1tus Egyh\u00e1zk\u00f6zs\u00e9g Di\u00f3sdi Reform\u00e1tus Egyh\u00e1zk\u00f6zs\u00e9g Di\u00f3sjen\u0151i Reform\u00e1tus Egyh\u00e1zk\u00f6zs\u00e9g Dunabogd\u00e1nyi Reform\u00e1tus Egyh\u00e1zk\u00f6zs\u00e9g Dunakeszi Reform\u00e1tus Egyh\u00e1zk\u00f6zs\u00e9g \u00c9rdi Reform\u00e1tus Egyh\u00e1zk\u00f6zs\u00e9g \u00c9rd-Parkv\u00e1rosi Reform\u00e1tus Egyh\u00e1zk\u00f6zs\u00e9g \u00c9rdligeti Reform\u00e1tus Egyh\u00e1zk\u00f6zs\u00e9g Erd\u0151kertesi Reform\u00e1tus Egyh\u00e1zk\u00f6zs\u00e9g Fels\u0151g\u00f6d-Als\u00f3g\u00f6d-Sz\u0151dligeti Reform\u00e1tus T\u00e1rsegyh\u00e1zk\u00f6zs\u00e9g F\u00f3t-Kisalagi-Mogyor\u00f3di Reform\u00e1tus T\u00e1rsegyh\u00e1zk\u00f6zs\u00e9g F\u00f3t -K\u00f6zponti [&hellip;]<\/p>\n","protected":false},"author":1,"featured_media":0,"parent":0,"menu_order":0,"comment_status":"closed","ping_status":"closed","template":"","meta":{"_et_pb_use_builder":"on","_et_pb_old_content":"","_et_gb_content_width":"","footnotes":""},"class_list":["post-42","page","type-page","status-publish","hentry"],"_links":{"self":[{"href":"https:\/\/eszakpest.reformatus.hu\/index.php\/wp-json\/wp\/v2\/pages\/42","targetHints":{"allow":["GET"]}}],"collection":[{"href":"https:\/\/eszakpest.reformatus.hu\/index.php\/wp-json\/wp\/v2\/pages"}],"about":[{"href":"https:\/\/eszakpest.reformatus.hu\/index.php\/wp-json\/wp\/v2\/types\/page"}],"author":[{"embeddable":true,"href":"https:\/\/eszakpest.reformatus.hu\/index.php\/wp-json\/wp\/v2\/users\/1"}],"replies":[{"embeddable":true,"href":"https:\/\/eszakpest.reformatus.hu\/index.php\/wp-json\/wp\/v2\/comments?post=42"}],"version-history":[{"count":3,"href":"https:\/\/eszakpest.reformatus.hu\/index.php\/wp-json\/wp\/v2\/pages\/42\/revisions"}],"predecessor-version":[{"id":128,"href":"https:\/\/eszakpest.reformatus.hu\/index.php\/wp-json\/wp\/v2\/pages\/42\/revisions\/128"}],"wp:attachment":[{"href":"https:\/\/eszakpest.reformatus.hu\/index.php\/wp-json\/wp\/v2\/media?parent=42"}],"curies":[{"name":"wp","href":"https:\/\/api.w.org\/{rel}","templated":true}]}}